{"id":25975,"date":"2020-11-23T16:33:54","date_gmt":"2020-11-23T16:33:54","guid":{"rendered":"http:\/\/canels.com.mx\/?page_id=25975"},"modified":"2020-11-23T16:33:54","modified_gmt":"2020-11-23T16:33:54","slug":"aviso-de-privacidad","status":"publish","type":"page","link":"https:\/\/canels.com\/en\/aviso-de-privacidad\/","title":{"rendered":"Pol\u00edtica de Privacidad"},"content":{"rendered":"<p><\/p>\n<h2>Qui\u00e9nes somos<\/h2>\n<p>La direcci\u00f3n de nuestro sitio web es: http:\/\/canels.com.mx.<\/p>\n<h2>Que datos personales recolectamos y por qu\u00e9 lo hacemos<\/h2>\n<h3>Comentarios<\/h3>\n<p>Cuando los visitantes dejan comentarios en el sitio, recolectamos los datos mostrados en el formato de comentarios y tambi\u00e9n la direcci\u00f3n IP del visitante y la cadena del agente del navegador del usuario, para facilitar la detecci\u00f3n de spam.<\/p>\n<p>Una cadena alfanum\u00e9rica anonimizada a partir de tu direcci\u00f3n de correo (tambi\u00e9n llamada &quot;hash&quot;) puede ser enviada al servicio Gravatar para ver si lo est\u00e1s usando.  El servicio Gravatar de pol\u00edticas de privacidad est\u00e1 disponible aqu\u00ed: https:\/\/automattic.com\/privacy\/. Despu\u00e9s de aprobar tu comentario, tu imagen de perfil ser\u00e1 p\u00fablicamente visible dentro del contexto de tu comentario.<\/p>\n<h3>Medios<\/h3>\n<p>Si subes im\u00e1genes al sitio web, debes evitar subir im\u00e1genes con informaci\u00f3n de localizaci\u00f3n incrustada (EXIF GPS).  Los visitantes del sitio web pueden bajar y extraer cualquier informaci\u00f3n de ubicaci\u00f3n de las im\u00e1genes en el sitio web.<\/p>\n<h3>Formas de contacto<\/h3>\n<h3>Cookies<\/h3>\n<p>Si dejas un comentario en nuestro sitio, puedes optar por guardar tu nombre, direcci\u00f3n de correo y sitio web en cookies.  Estas con para tu conveniencia, de modo que no tengas que llenar cada campo con tus datos nuevamente cuando quieras dejar otro comentario.  Estas cookies duran un a\u00f1o.<\/p>\n<p>Si tienes una cuenta y entras en l\u00ednea en este sitio, crearemos una cookie temporal para determinar si tu navegador acepta cookies.  Esta cookie no contiene informaci\u00f3n personal y se borra al cerrar tu navegador.<\/p>\n<p>Al entrar en l\u00ednea, tambi\u00e9n creamos varias cookies para almacenar tu informaci\u00f3n de ingreso y preferencias de pantalla.  Las cookies de ingreso duran dos d\u00edas y las de preferencias de pantalla un a\u00f1o.  Si seleccionas &quot;Recordarme&quot;, tu informaci\u00f3n de ingreso persistir\u00e1 por dos semanas. Si sales de tu cuenta, las cookies de ingreso ser\u00e1n removidas.<\/p>\n<p>Si modificas o publicas un art\u00edculo, se guardar\u00e1 una cookie en tu navegador.  Esta cookie no incluye datos personales y simplemente indica el ID de la entrada del art\u00edculo que modificaste.  Expira en un d\u00eda.<\/p>\n<h3>Contenido integrado de otros sitios web<\/h3>\n<p>Los art\u00edculos de este sitio pueden incluir contenido integrado (por ejemplo videos, im\u00e1genes, art\u00edculos, etc.).  El contenido integrado de otros sitios web se comporta de la misma manera como si el visitante hubiera visitado el otro sitio web.<\/p>\n<p>Este tipo de sitios web puede recolectar datos sobre ti, usar cookies, incluir servicios de rastreo de terceros y monitorear tu interacci\u00f3n con dicho contenido integrado, incluyendo el rastreo de tu interacci\u00f3n con dicho contenido integrado si tienes una cuenta registrada y est\u00e1s en l\u00ednea en dicho sitio web.<\/p>\n<h3>Anal\u00edticos<\/h3>\n<h2>Con qui\u00e9n compartimos tus datos<\/h2>\n<h2>Por cu\u00e1nto tiempo retendremos tus datos<\/h2>\n<p>Si dejas un comentario, el comentario y sus meta-datos ser\u00e1n retenidos por tiempo indefinido.  Esto se necesita para que podamos identificar y aprobar cualquier comentario de seguimiento de forma autom\u00e1tica, en vez de mantenerlos en una lista de espera para moderarlos.<\/p>\n<p>Para usuarios registrados en nuestro sitio web (si hay), tambi\u00e9n necesitamos almacenar la informaci\u00f3n personal que incluyen en su perfil. Todos los usuarios pueden ver, modificar o borrar su informaci\u00f3n personal en cualquier momento (excepto que no pueden cambiar su nombre de usuario).  Los administradores del sitio web tambi\u00e9n pueden ver y modificar dicha informaci\u00f3n.<\/p>\n<h2>Que derechos tienes sobre tus datos<\/h2>\n<p>Si tienes una cuenta en ese sitio, o has dejado comentarios, puedes solicitar el env\u00edo de un archivo de exportaci\u00f3n con los datos personales que tenemos sobre ti, incluyendo cualquier dato que nos hayas dado. Tambi\u00e9n puedes solicitar que borremos cualquier dato personal que tengamos sobre ti. Esto no incluye ning\u00fan dato que estemos obligados a mantener por razones administrativas, legales o de seguridad.<\/p>\n<h2>A d\u00f3nde enviamos tus datos<\/h2>\n<p>Los comentarios de los visitantes se pueden verificar a trav\u00e9s de un servicio autom\u00e1tico de detecci\u00f3n de spam.<\/p>\n<h2>Tus datos de contacto<\/h2>\n<h2>Informaci\u00f3n Adicional<\/h2>\n<h3>C\u00f3mo protegemos tus datos<\/h3>\n<h3>Procedimientos de violaciones de seguridad de datos que ponemos en pr\u00e1ctica<\/h3>\n<h3>Terceras partes de las que recibimos datos<\/h3>\n<h3>Decisiones autom\u00e1ticas y\/o perfilamiento que realizamos con los datos del usuario<\/h3>\n<h3>Requerimientos de aclaraciones regulatorias de la industria<\/h3>\n<p><\/p>","protected":false},"excerpt":{"rendered":"<p>Qui\u00e9nes somos La direcci\u00f3n de nuestro sitio web es: http:\/\/canels.com.mx. Que datos personales recolectamos y por qu\u00e9 lo hacemos Comentarios Cuando los visitantes dejan comentarios en el sitio, recolectamos los datos mostrados en el formato de comentarios y tambi\u00e9n la direcci\u00f3n IP del visitante y la cadena del agente del navegador del usuario, para facilitar la detecci\u00f3n de spam. Una<\/p>\n<div class=\"h10\"><\/div>\n<p><a class=\"more-link1\" href=\"https:\/\/canels.com\/en\/aviso-de-privacidad\/\">Read more<\/a><\/p>\n","protected":false},"author":2,"featured_media":0,"parent":0,"menu_order":0,"comment_status":"closed","ping_status":"closed","template":"","meta":[],"_links":{"self":[{"href":"https:\/\/canels.com\/en\/wp-json\/wp\/v2\/pages\/25975"}],"collection":[{"href":"https:\/\/canels.com\/en\/wp-json\/wp\/v2\/pages"}],"about":[{"href":"https:\/\/canels.com\/en\/wp-json\/wp\/v2\/types\/page"}],"author":[{"embeddable":true,"href":"https:\/\/canels.com\/en\/wp-json\/wp\/v2\/users\/2"}],"replies":[{"embeddable":true,"href":"https:\/\/canels.com\/en\/wp-json\/wp\/v2\/comments?post=25975"}],"version-history":[{"count":3,"href":"https:\/\/canels.com\/en\/wp-json\/wp\/v2\/pages\/25975\/revisions"}],"predecessor-version":[{"id":25978,"href":"https:\/\/canels.com\/en\/wp-json\/wp\/v2\/pages\/25975\/revisions\/25978"}],"wp:attachment":[{"href":"https:\/\/canels.com\/en\/wp-json\/wp\/v2\/media?parent=25975"}],"curies":[{"name":"wp","href":"https:\/\/api.w.org\/{rel}","templated":true}]}}