{"id":23918,"date":"2018-02-14T18:21:57","date_gmt":"2018-02-14T18:21:57","guid":{"rendered":"http:\/\/www.canels.com.mx\/?post_type=product&#038;p=23918"},"modified":"2018-07-31T15:58:33","modified_gmt":"2018-07-31T15:58:33","slug":"celofan-4p-surtido-3","status":"publish","type":"product","link":"https:\/\/canels.com\/en\/productos\/celofan-4p-surtido-3\/","title":{"rendered":"Celof\u00e1n 4P Surtido"},"content":{"rendered":"<table class=\"fortuna_table\" width=\"100%\">\n<tbody>\n<tr>\n<td style=\"text-align: right;\">Producto:<\/td>\n<td>Goma de mascar confitada<\/td>\n<\/tr>\n<tr class=\"odd\">\n<td style=\"text-align: right;\">Sabores:<\/td>\n<td>Manzana verde, uva, pl\u00e1tano y cereza<\/td>\n<\/tr>\n<tr>\n<td style=\"text-align: right;\">Presentaci\u00f3n:<\/td>\n<td>Jarra 1,500g<\/td>\n<\/tr>\n<tr class=\"odd\">\n<td style=\"text-align: right;\">Cart\u00f3n:<\/td>\n<td>6\/300<\/td>\n<\/tr>\n<\/tbody>\n<\/table>\n<p>&nbsp;<\/p>\n","protected":false},"excerpt":{"rendered":"<p>Producto: Goma de mascar confitada Sabores: Manzana verde, uva, pl\u00e1tano y cereza Presentaci\u00f3n: Jarra 1,500g Cart\u00f3n: 6\/300 &nbsp;<\/p>\n","protected":false},"featured_media":24226,"comment_status":"closed","ping_status":"closed","template":"","meta":[],"product_cat":[114],"product_tag":[131,130],"_links":{"self":[{"href":"https:\/\/canels.com\/en\/wp-json\/wp\/v2\/product\/23918"}],"collection":[{"href":"https:\/\/canels.com\/en\/wp-json\/wp\/v2\/product"}],"about":[{"href":"https:\/\/canels.com\/en\/wp-json\/wp\/v2\/types\/product"}],"replies":[{"embeddable":true,"href":"https:\/\/canels.com\/en\/wp-json\/wp\/v2\/comments?post=23918"}],"wp:featuredmedia":[{"embeddable":true,"href":"https:\/\/canels.com\/en\/wp-json\/wp\/v2\/media\/24226"}],"wp:attachment":[{"href":"https:\/\/canels.com\/en\/wp-json\/wp\/v2\/media?parent=23918"}],"wp:term":[{"taxonomy":"product_cat","embeddable":true,"href":"https:\/\/canels.com\/en\/wp-json\/wp\/v2\/product_cat?post=23918"},{"taxonomy":"product_tag","embeddable":true,"href":"https:\/\/canels.com\/en\/wp-json\/wp\/v2\/product_tag?post=23918"}],"curies":[{"name":"wp","href":"https:\/\/api.w.org\/{rel}","templated":true}]}}