{"id":24001,"date":"2018-02-14T19:04:50","date_gmt":"2018-02-14T19:04:50","guid":{"rendered":"http:\/\/www.canels.com.mx\/?post_type=product&#038;p=24001"},"modified":"2022-01-12T10:19:28","modified_gmt":"2022-01-12T16:19:28","slug":"clears-2","status":"publish","type":"product","link":"https:\/\/canels.com\/en\/productos\/clears-2\/","title":{"rendered":"Clear&#8217;s"},"content":{"rendered":"<table class=\"fortuna_table\" width=\"100%\">\n<tbody>\n<tr>\n<td style=\"text-align: right;\">Producto:<\/td>\n<td>Pastilla Refrescante<\/td>\n<\/tr>\n<tr class=\"odd\">\n<td style=\"text-align: right;\">Sabores:<\/td>\n<td>Menta, yerbabuena, cereza, miel-lim\u00f3n<\/td>\n<\/tr>\n<tr>\n<td style=\"text-align: right;\">Presentaci\u00f3n:<\/td>\n<td>Jarra 1,210g<\/td>\n<\/tr>\n<tr class=\"odd\">\n<td style=\"text-align: right;\">Cart\u00f3n:<\/td>\n<td>6\/80<\/td>\n<\/tr>\n<tr>\n<td style=\"text-align: right;\">Declaraci\u00f3n:<\/td>\n<td>Contains Bioengineered Food Ingredients<\/td>\n<\/tr>\n<\/tbody>\n<\/table>\n<p>&nbsp;<\/p>\n","protected":false},"excerpt":{"rendered":"<p>Producto: Pastilla Refrescante Sabores: Menta, yerbabuena, cereza, miel-lim\u00f3n Presentaci\u00f3n: Jarra 1,210g Cart\u00f3n: 6\/80 Declaraci\u00f3n: Contains Bioengineered Food Ingredients &nbsp;<\/p>\n","protected":false},"featured_media":24353,"comment_status":"closed","ping_status":"closed","template":"","meta":[],"product_cat":[125],"product_tag":[131,130],"_links":{"self":[{"href":"https:\/\/canels.com\/en\/wp-json\/wp\/v2\/product\/24001"}],"collection":[{"href":"https:\/\/canels.com\/en\/wp-json\/wp\/v2\/product"}],"about":[{"href":"https:\/\/canels.com\/en\/wp-json\/wp\/v2\/types\/product"}],"replies":[{"embeddable":true,"href":"https:\/\/canels.com\/en\/wp-json\/wp\/v2\/comments?post=24001"}],"wp:featuredmedia":[{"embeddable":true,"href":"https:\/\/canels.com\/en\/wp-json\/wp\/v2\/media\/24353"}],"wp:attachment":[{"href":"https:\/\/canels.com\/en\/wp-json\/wp\/v2\/media?parent=24001"}],"wp:term":[{"taxonomy":"product_cat","embeddable":true,"href":"https:\/\/canels.com\/en\/wp-json\/wp\/v2\/product_cat?post=24001"},{"taxonomy":"product_tag","embeddable":true,"href":"https:\/\/canels.com\/en\/wp-json\/wp\/v2\/product_tag?post=24001"}],"curies":[{"name":"wp","href":"https:\/\/api.w.org\/{rel}","templated":true}]}}