{"id":24015,"date":"2018-02-14T19:43:41","date_gmt":"2018-02-14T19:43:41","guid":{"rendered":"http:\/\/www.canels.com.mx\/?post_type=product&#038;p=24015"},"modified":"2019-07-16T21:12:55","modified_gmt":"2019-07-16T21:12:55","slug":"tueni-pop","status":"publish","type":"product","link":"https:\/\/canels.com\/en\/productos\/tueni-pop\/","title":{"rendered":"Tueni Pop"},"content":{"rendered":"<p><\/p>\n<table class=\"fortuna_table\" width=\"100%\">\n<tbody>\n<tr>\n<td style=\"text-align: right;\">Producto:<\/td>\n<td>Paleta de caramelo suave<\/td>\n<\/tr>\n<tr class=\"odd\">\n<td style=\"text-align: right;\">Sabores:<\/td>\n<td>Cereza, uva, lim\u00f3n y pi\u00f1a<\/td>\n<\/tr>\n<tr>\n<td style=\"text-align: right;\">Presentaci\u00f3n:<\/td>\n<td>Bolsa 357g<\/td>\n<\/tr>\n<tr class=\"odd\">\n<td style=\"text-align: right;\">Cart\u00f3n:<\/td>\n<td>16\/42<\/td>\n<\/tr>\n<\/tbody>\n<\/table>\n<p>&nbsp;<\/p>","protected":false},"excerpt":{"rendered":"<p>Producto: Paleta de caramelo suave Sabores: Cereza, uva, lim\u00f3n y pi\u00f1a Presentaci\u00f3n: Bolsa 357g Cart\u00f3n: 16\/42 &nbsp;<\/p>\n","protected":false},"featured_media":24388,"comment_status":"closed","ping_status":"closed","template":"","meta":[],"product_cat":[127],"product_tag":[133,130],"_links":{"self":[{"href":"https:\/\/canels.com\/en\/wp-json\/wp\/v2\/product\/24015"}],"collection":[{"href":"https:\/\/canels.com\/en\/wp-json\/wp\/v2\/product"}],"about":[{"href":"https:\/\/canels.com\/en\/wp-json\/wp\/v2\/types\/product"}],"replies":[{"embeddable":true,"href":"https:\/\/canels.com\/en\/wp-json\/wp\/v2\/comments?post=24015"}],"wp:featuredmedia":[{"embeddable":true,"href":"https:\/\/canels.com\/en\/wp-json\/wp\/v2\/media\/24388"}],"wp:attachment":[{"href":"https:\/\/canels.com\/en\/wp-json\/wp\/v2\/media?parent=24015"}],"wp:term":[{"taxonomy":"product_cat","embeddable":true,"href":"https:\/\/canels.com\/en\/wp-json\/wp\/v2\/product_cat?post=24015"},{"taxonomy":"product_tag","embeddable":true,"href":"https:\/\/canels.com\/en\/wp-json\/wp\/v2\/product_tag?post=24015"}],"curies":[{"name":"wp","href":"https:\/\/api.w.org\/{rel}","templated":true}]}}