{"id":24047,"date":"2018-02-14T20:23:45","date_gmt":"2018-02-14T20:23:45","guid":{"rendered":"http:\/\/www.canels.com.mx\/?post_type=product&#038;p=24047"},"modified":"2022-01-12T09:42:47","modified_gmt":"2022-01-12T15:42:47","slug":"mini-jelly-beans-2","status":"publish","type":"product","link":"https:\/\/canels.com\/en\/productos\/mini-jelly-beans-2\/","title":{"rendered":"Mini Jelly Beans"},"content":{"rendered":"<p><\/p>\n<table class=\"fortuna_table\" width=\"100%\">\n<tbody>\n<tr>\n<td style=\"text-align: right;\">Producto:<\/td>\n<td>Gomita Confitada<\/td>\n<\/tr>\n<tr class=\"odd\">\n<td style=\"text-align: right;\">Sabores:<\/td>\n<td>Lim\u00f3n, naranja, durazno, fresa, manzana verde y cereza<\/td>\n<\/tr>\n<tr>\n<td style=\"text-align: right;\">Presentaci\u00f3n:<\/td>\n<td>Bolsa 300g<\/td>\n<\/tr>\n<tr class=\"odd\">\n<td style=\"text-align: right;\">Cart\u00f3n:<\/td>\n<td>16\/30<\/td>\n<\/tr>\n<tr>\n<td style=\"text-align: right;\">Declaraci\u00f3n:<\/td>\n<td>Contains Bioengineered Food Ingredients<\/td>\n<\/tr>\n<\/tbody>\n<\/table>\n<p><\/p>","protected":false},"excerpt":{"rendered":"<p>Producto: Gomita Confitada Sabores: Lim\u00f3n, naranja, durazno, fresa, manzana verde y cereza Presentaci\u00f3n: Bolsa 300g Cart\u00f3n: 16\/30 Declaraci\u00f3n: Contains Bioengineered Food Ingredients<\/p>\n","protected":false},"featured_media":24407,"comment_status":"closed","ping_status":"closed","template":"","meta":[],"product_cat":[117],"product_tag":[133],"_links":{"self":[{"href":"https:\/\/canels.com\/en\/wp-json\/wp\/v2\/product\/24047"}],"collection":[{"href":"https:\/\/canels.com\/en\/wp-json\/wp\/v2\/product"}],"about":[{"href":"https:\/\/canels.com\/en\/wp-json\/wp\/v2\/types\/product"}],"replies":[{"embeddable":true,"href":"https:\/\/canels.com\/en\/wp-json\/wp\/v2\/comments?post=24047"}],"wp:featuredmedia":[{"embeddable":true,"href":"https:\/\/canels.com\/en\/wp-json\/wp\/v2\/media\/24407"}],"wp:attachment":[{"href":"https:\/\/canels.com\/en\/wp-json\/wp\/v2\/media?parent=24047"}],"wp:term":[{"taxonomy":"product_cat","embeddable":true,"href":"https:\/\/canels.com\/en\/wp-json\/wp\/v2\/product_cat?post=24047"},{"taxonomy":"product_tag","embeddable":true,"href":"https:\/\/canels.com\/en\/wp-json\/wp\/v2\/product_tag?post=24047"}],"curies":[{"name":"wp","href":"https:\/\/api.w.org\/{rel}","templated":true}]}}