{"id":26104,"date":"2019-11-06T18:43:42","date_gmt":"2019-11-06T18:43:42","guid":{"rendered":"http:\/\/canels.com.mx\/?post_type=product&#038;p=26104"},"modified":"2019-11-06T18:47:18","modified_gmt":"2019-11-06T18:47:18","slug":"pica-beans-jarra","status":"publish","type":"product","link":"https:\/\/canels.com\/en\/productos\/pica-beans-jarra\/","title":{"rendered":"Pica Beans Jarra"},"content":{"rendered":"<table class=\"fortuna_table\" width=\"100%\">\n<tbody>\n<tr>\n<td style=\"text-align: right;\">Producto:<\/td>\n<td>Goma de almid\u00f3n confitada<\/td>\n<\/tr>\n<tr class=\"odd\">\n<td style=\"text-align: right;\">Sabores:<\/td>\n<td>Tamarindo<\/td>\n<\/tr>\n<tr>\n<td style=\"text-align: right;\">Presentaci\u00f3n:<\/td>\n<td>Jarra 665.5g<\/td>\n<\/tr>\n<tr class=\"odd\">\n<td style=\"text-align: right;\">Cart\u00f3n:<\/td>\n<td><\/td>\n<\/tr>\n<\/tbody>\n<\/table>\n<p>&nbsp;<\/p>\n","protected":false},"excerpt":{"rendered":"<p>Producto: Goma de almid\u00f3n confitada Sabores: Tamarindo Presentaci\u00f3n: Jarra 665.5g Cart\u00f3n: &nbsp;<\/p>\n","protected":false},"featured_media":26084,"comment_status":"closed","ping_status":"closed","template":"","meta":[],"product_cat":[117],"product_tag":[131],"_links":{"self":[{"href":"https:\/\/canels.com\/en\/wp-json\/wp\/v2\/product\/26104"}],"collection":[{"href":"https:\/\/canels.com\/en\/wp-json\/wp\/v2\/product"}],"about":[{"href":"https:\/\/canels.com\/en\/wp-json\/wp\/v2\/types\/product"}],"replies":[{"embeddable":true,"href":"https:\/\/canels.com\/en\/wp-json\/wp\/v2\/comments?post=26104"}],"wp:featuredmedia":[{"embeddable":true,"href":"https:\/\/canels.com\/en\/wp-json\/wp\/v2\/media\/26084"}],"wp:attachment":[{"href":"https:\/\/canels.com\/en\/wp-json\/wp\/v2\/media?parent=26104"}],"wp:term":[{"taxonomy":"product_cat","embeddable":true,"href":"https:\/\/canels.com\/en\/wp-json\/wp\/v2\/product_cat?post=26104"},{"taxonomy":"product_tag","embeddable":true,"href":"https:\/\/canels.com\/en\/wp-json\/wp\/v2\/product_tag?post=26104"}],"curies":[{"name":"wp","href":"https:\/\/api.w.org\/{rel}","templated":true}]}}