{"id":27495,"date":"2021-07-16T17:16:35","date_gmt":"2021-07-16T17:16:35","guid":{"rendered":"http:\/\/canels.com\/?post_type=product&#038;p=27495"},"modified":"2021-10-05T17:23:06","modified_gmt":"2021-10-05T17:23:06","slug":"gomitas-tueni-jarra","status":"publish","type":"product","link":"https:\/\/canels.com\/en\/productos\/gomitas-tueni-jarra\/","title":{"rendered":"Gomitas Tueni  Jarra"},"content":{"rendered":"<p><\/p>\n<table class=\"fortuna_table\" width=\"100%\">\n<tbody>\n<tr>\n<td style=\"text-align: right;\">Producto:<\/td>\n<td>Gomita Confitada<\/td>\n<\/tr>\n<tr class=\"odd\">\n<td style=\"text-align: right;\">Sabores:<\/td>\n<td>Cereza, fresa, naranja, lim\u00f3n, an\u00eds, lima, uva y pi\u00f1a<\/td>\n<\/tr>\n<tr>\n<td style=\"text-align: right;\">Presentaci\u00f3n:<\/td>\n<td>Jarra 1,500g<\/td>\n<\/tr>\n<tr class=\"odd\">\n<td style=\"text-align: right;\">Cart\u00f3n:<\/td>\n<td>8\/1.5kg<\/td>\n<\/tr>\n<\/tbody>\n<\/table>\n<p><\/p>","protected":false},"excerpt":{"rendered":"<p>Producto: Gomita Confitada Sabores: Cereza, fresa, naranja, lim\u00f3n, an\u00eds, lima, uva y pi\u00f1a Presentaci\u00f3n: Jarra 1,500g Cart\u00f3n: 8\/1.5kg<\/p>\n","protected":false},"featured_media":27496,"comment_status":"closed","ping_status":"closed","template":"","meta":[],"product_cat":[117,135],"product_tag":[131,130],"_links":{"self":[{"href":"https:\/\/canels.com\/en\/wp-json\/wp\/v2\/product\/27495"}],"collection":[{"href":"https:\/\/canels.com\/en\/wp-json\/wp\/v2\/product"}],"about":[{"href":"https:\/\/canels.com\/en\/wp-json\/wp\/v2\/types\/product"}],"replies":[{"embeddable":true,"href":"https:\/\/canels.com\/en\/wp-json\/wp\/v2\/comments?post=27495"}],"wp:featuredmedia":[{"embeddable":true,"href":"https:\/\/canels.com\/en\/wp-json\/wp\/v2\/media\/27496"}],"wp:attachment":[{"href":"https:\/\/canels.com\/en\/wp-json\/wp\/v2\/media?parent=27495"}],"wp:term":[{"taxonomy":"product_cat","embeddable":true,"href":"https:\/\/canels.com\/en\/wp-json\/wp\/v2\/product_cat?post=27495"},{"taxonomy":"product_tag","embeddable":true,"href":"https:\/\/canels.com\/en\/wp-json\/wp\/v2\/product_tag?post=27495"}],"curies":[{"name":"wp","href":"https:\/\/api.w.org\/{rel}","templated":true}]}}